{"id":10198,"date":"2017-02-13T09:48:39","date_gmt":"2017-02-13T06:48:39","guid":{"rendered":"http:\/\/demturkey.com\/?page_id=10198"},"modified":"2019-07-28T22:22:06","modified_gmt":"2019-07-28T19:22:06","slug":"contact","status":"publish","type":"page","link":"https:\/\/demturkey.com\/en\/contact\/","title":{"rendered":"Contact"},"content":{"rendered":"<div class=\"wpb-content-wrapper\"><p>[vc_row full_width=&#8221;stretch_row_content_no_spaces&#8221; css=&#8221;.vc_custom_1512120394331{margin-top: -40px !important;}&#8221;][vc_column][vc_column_text]<iframe loading=\"lazy\" style=\"border: 0;\" src=\"https:\/\/www.google.com\/maps\/embed?pb=!1m18!1m12!1m3!1d96342.17785807782!2d29.01463053103497!3d41.01009095297483!2m3!1f0!2f0!3f0!3m2!1i1024!2i768!4f13.1!3m3!1m2!1s0x14cab77b9a232751%3A0xa416daced5b0a23d!2sDeM+Turkey+%7C+Deneyimsel+E%C4%9Fitim+Merkezi!5e0!3m2!1str!2str!4v1512120183494\" width=\"100%\" height=\"500\" frameborder=\"0\" allowfullscreen=\"allowfullscreen\" data-mce-fragment=\"1\"><\/iframe>[\/vc_column_text][\/vc_column][\/vc_row][vc_row css=&#8221;.vc_custom_1490185704851{margin-top: 35px !important;margin-bottom: 20px !important;}&#8221;][vc_column width=&#8221;1\/3&#8243; css=&#8221;.vc_custom_1491473586648{margin-top: 0px !important;}&#8221;][vc_custom_heading text=&#8221;DeM Turkey<br \/>\nExperiential Training Center&#8221; font_container=&#8221;tag:h2|font_size:30px|text_align:left|line_height:38px&#8221; use_theme_fonts=&#8221;yes&#8221; css=&#8221;.vc_custom_1556024885262{margin-top: 0px !important;margin-bottom: 10px !important;}&#8221;][vc_custom_heading text=&#8221;0216 575 05 08&#8243; font_container=&#8221;tag:h2|font_size:30px|text_align:left|color:%236892d8|line_height:40px&#8221; use_theme_fonts=&#8221;yes&#8221; css=&#8221;.vc_custom_1512121181868{margin-top: 0px !important;margin-bottom: 7px !important;}&#8221;][vc_column_text css=&#8221;.vc_custom_1556024972289{margin-bottom: 15px !important;padding-right: 30px !important;}&#8221;]\u0130\u00e7erenk\u00f6y Neighboor Bing\u00f6ller Street<br \/>\nNo:1\/1 Apartment:1 Ata\u015fehir, \u0130stanbul<\/p>\n<p>Week Days: 10:00 &#8211; 18:00[\/vc_column_text][vc_custom_heading text=&#8221;Contact Us&#8221; font_container=&#8221;tag:h4|text_align:left&#8221; use_theme_fonts=&#8221;yes&#8221; css=&#8221;.vc_custom_1556024985137{margin-bottom: 10px !important;}&#8221;]\n\t\t\t\t\t<div class=\"wh-theme-icon  scp_theme_icon-f9dcd53763601280d58fc3e6573f1f72\">\n\t\t\t\t<i class=\"icon-edclock-one\"><\/i>\n\t\t\t<\/div>\n\t\t\t\t[vc_custom_heading text=&#8221;dem@demturkey.com&#8221; font_container=&#8221;tag:p|text_align:left&#8221; use_theme_fonts=&#8221;yes&#8221; css=&#8221;.vc_custom_1512121258816{padding-left: 17px !important;}&#8221;][\/vc_column][vc_column width=&#8221;2\/3&#8243; css=&#8221;.vc_custom_1490181921013{margin-left: 10px !important;}&#8221;][\/vc_column][\/vc_row]<\/p>\n<\/div>","protected":false},"excerpt":{"rendered":"<p>[vc_row full_width=&#8221;stretch_row_content_no_spaces&#8221; css=&#8221;.vc_custom_1512120394331{margin-top: -40px !important;}&#8221;][vc_column][vc_column_text][\/vc_column_text][\/vc_column][\/vc_row][vc_row css=&#8221;.vc_custom_1490185704851{margin-top: 35px !important;margin-bottom: 20px !important;}&#8221;][vc_column width=&#8221;1\/3&#8243; css=&#8221;.vc_custom_1491473586648{margin-top: 0px !important;}&#8221;][vc_custom_heading text=&#8221;DeM Turkey Experiential Training Center&#8221; font_container=&#8221;tag:h2|font_size:30px|text_align:left|line_height:38px&#8221; use_theme_fonts=&#8221;yes&#8221; css=&#8221;.vc_custom_1556024885262{margin-top: 0px !important;margin-bottom: 10px&nbsp;<a href=\"https:\/\/demturkey.com\/en\/contact\/\">&hellip;<\/a><\/p>\n","protected":false},"author":1,"featured_media":0,"parent":0,"menu_order":0,"comment_status":"closed","ping_status":"closed","template":"template-fullwidth-no-title.php","meta":{"_monsterinsights_skip_tracking":false,"_monsterinsights_sitenote_active":false,"_monsterinsights_sitenote_note":"","_monsterinsights_sitenote_category":0,"footnotes":""},"categories":[],"tags":[],"aioseo_notices":[],"_links":{"self":[{"href":"https:\/\/demturkey.com\/en\/wp-json\/wp\/v2\/pages\/10198"}],"collection":[{"href":"https:\/\/demturkey.com\/en\/wp-json\/wp\/v2\/pages"}],"about":[{"href":"https:\/\/demturkey.com\/en\/wp-json\/wp\/v2\/types\/page"}],"author":[{"embeddable":true,"href":"https:\/\/demturkey.com\/en\/wp-json\/wp\/v2\/users\/1"}],"replies":[{"embeddable":true,"href":"https:\/\/demturkey.com\/en\/wp-json\/wp\/v2\/comments?post=10198"}],"version-history":[{"count":5,"href":"https:\/\/demturkey.com\/en\/wp-json\/wp\/v2\/pages\/10198\/revisions"}],"predecessor-version":[{"id":11768,"href":"https:\/\/demturkey.com\/en\/wp-json\/wp\/v2\/pages\/10198\/revisions\/11768"}],"wp:attachment":[{"href":"https:\/\/demturkey.com\/en\/wp-json\/wp\/v2\/media?parent=10198"}],"wp:term":[{"taxonomy":"category","embeddable":true,"href":"https:\/\/demturkey.com\/en\/wp-json\/wp\/v2\/categories?post=10198"},{"taxonomy":"post_tag","embeddable":true,"href":"https:\/\/demturkey.com\/en\/wp-json\/wp\/v2\/tags?post=10198"}],"curies":[{"name":"wp","href":"https:\/\/api.w.org\/{rel}","templated":true}]}}